{"id":27,"date":"2023-01-18T13:33:16","date_gmt":"2023-01-18T13:33:16","guid":{"rendered":"https:\/\/pompesfunebresanger-fr.preview-domain.com\/?page_id=27"},"modified":"2023-01-24T09:43:56","modified_gmt":"2023-01-24T09:43:56","slug":"mentions-legales","status":"publish","type":"page","link":"https:\/\/pompesfunebresanger.fr\/?page_id=27","title":{"rendered":"Mentions l\u00e9gales"},"content":{"rendered":"<p>[et_pb_section fb_built=\u00a0\u00bb1&Prime; theme_builder_area=\u00a0\u00bbpost_content\u00a0\u00bb _builder_version=\u00a0\u00bb4.18.0&Prime; _module_preset=\u00a0\u00bbdefault\u00a0\u00bb][et_pb_row _builder_version=\u00a0\u00bb4.18.0&Prime; _module_preset=\u00a0\u00bbdefault\u00a0\u00bb theme_builder_area=\u00a0\u00bbpost_content\u00a0\u00bb][et_pb_column _builder_version=\u00a0\u00bb4.18.0&Prime; _module_preset=\u00a0\u00bbdefault\u00a0\u00bb type=\u00a0\u00bb4_4&Prime; theme_builder_area=\u00a0\u00bbpost_content\u00a0\u00bb][et_pb_text _builder_version=\u00a0\u00bb4.18.0&Prime; _module_preset=\u00a0\u00bbdefault\u00a0\u00bb theme_builder_area=\u00a0\u00bbpost_content\u00a0\u00bb hover_enabled=\u00a0\u00bb0&Prime; sticky_enabled=\u00a0\u00bb0&Prime;]<\/p>\n<p>Conform\u00e9ment aux dispositions des Articles 6-III et 19 de la Loi n\u00b02004-575 du 21 juin 2004 pour la Confiance dans l\u2019\u00e9conomie num\u00e9rique, dite L.C.E.N., il est port\u00e9 \u00e0 la connaissance des Utilisateurs du site<span>\u00a0<\/span><strong>Marbrerie Anger<span>\u00a0<\/span><\/strong>les pr\u00e9sentes mentions l\u00e9gales.<\/p>\n<p>La connexion et la navigation sur le site (indiquer le nom du site) par l\u2019Utilisateur implique acceptation int\u00e9grale et sans r\u00e9serve des pr\u00e9sentes mentions l\u00e9gales.<\/p>\n<p>Ces derni\u00e8res sont accessibles sur le site \u00e0 la rubrique \u00ab Mentions l\u00e9gales \u00bb.<\/p>\n<h2>ARTICLE 1 : L\u2019\u00e9diteur<\/h2>\n<p>L\u2019\u00e9dition du site<strong><span>\u00a0<\/span>Marbrerie Anger<span>\u00a0<\/span><\/strong>est assur\u00e9e par la Soci\u00e9t\u00e9<strong><span>\u00a0<\/span>Marbrerie Anger<\/strong><span>\u00a0<\/span>au capital de<span>\u00a0<\/span><strong>277 000,00 \u20ac<\/strong><span>\u00a0<\/span>euros, immatricul\u00e9e sous le num\u00e9ro<strong><span>\u00a0<\/span><\/strong>dont le si\u00e8ge social est situ\u00e9 au<span>\u00a0<\/span><strong>143 Rue du Mar\u00e9chal Leclerc 50100 CHERBOURG-EN-COTENTIN<\/strong>.<\/p>\n<p>N\u00b0 de SIRET :\u00a0<strong>42285203800013<\/strong><\/p>\n<p>Le Directeur de la publication est<span>\u00a0<\/span><strong>Mr\/Mme ANGER Estelle et Xavier<\/strong><\/p>\n<h2>ARTICLE 2 : L\u2019h\u00e9bergeur<\/h2>\n<p>L\u2019h\u00e9bergeur du site pompesfunebresanger.fr est la Soci\u00e9t\u00e9 : HOSTINGER, dont le si\u00e8ge social est situ\u00e9 HOSTINGER INTERNATIONAL LTD, 61 Lordou Vironos Street, 6023 Larnaca, Chypre, joignable par le moyen suivant : Contactez-nous \u2013 Hostinger.fr<\/p>\n<h2>ARTICLE 2 : Le Webmaster<\/h2>\n<p>Le site a \u00e9t\u00e9 cr\u00e9\u00e9 et est g\u00e9r\u00e9 par :<\/p>\n<p>One Bureautique<br \/>SASU au capital de 10\u00a0000 \u20ac<br \/>Si\u00e8ge social : 133 Cours Caffarelli 14120 Mondeville<\/p>\n<h2>ARTICLE 3 : Acc\u00e8s au site<\/h2>\n<p>Le site est accessible par tout endroit, 7j\/7, 24h\/24 sauf cas de force majeure, interruption programm\u00e9e ou non et pouvant d\u00e9coulant d\u2019une n\u00e9cessit\u00e9 de maintenance.<\/p>\n<p>En cas de modification, interruption ou suspension des services, le site<strong><span>\u00a0<\/span>Marbrerie Anger<span>\u00a0<\/span><\/strong>ne saurait \u00eatre tenu responsable.<\/p>\n<h2>ARTICLE 4 : Collecte des donn\u00e9es<\/h2>\n<p>Le site assure \u00e0 l\u2019Utilisateur une collecte et un traitement d\u2019informations personnelles dans le respect de la vie priv\u00e9e conform\u00e9ment \u00e0 la loi n\u00b078-17 du 6 janvier 1978 relative \u00e0 l\u2019informatique, aux fichiers et aux libert\u00e9s.<\/p>\n<p>En vertu de la loi Informatique et Libert\u00e9s, en date du 6 janvier 1978, l\u2019Utilisateur dispose d\u2019un droit d\u2019acc\u00e8s, de rectification, de suppression et d\u2019opposition de ses donn\u00e9es personnelles.<\/p>\n<h2>ARTICLE 5 : Cookies<\/h2>\n<p>L\u2019Utilisateur est inform\u00e9 que lors de ses visites sur le site, un cookie peut s\u2019installer automatiquement sur son logiciel de navigation.<\/p>\n<p>En naviguant sur le site, il les accepte.<\/p>\n<p>Un cookie est un \u00e9l\u00e9ment qui ne permet pas d\u2019identifier l\u2019Utilisateur mais sert \u00e0 enregistrer des informations relatives \u00e0 la navigation de celui-ci sur le site Internet. L\u2019Utilisateur pourra d\u00e9sactiver ce cookie par l\u2019interm\u00e9diaire des param\u00e8tres figurant au sein de son logiciel de navigation.<\/p>\n<h2>ARTICLE 6 : Propri\u00e9t\u00e9 intellectuelle<\/h2>\n<p>Toute utilisation, reproduction, diffusion, commercialisation, modification de toute ou partie du site Marbrerie Anger sans autorisation de l\u2019Editeur est prohib\u00e9e et pourra entra\u00een\u00e9e des actions et poursuites judiciaires telles que notamment pr\u00e9vues par le Code de la propri\u00e9t\u00e9 intellectuelle et le Code civil.<\/p>\n<p>[\/et_pb_text][\/et_pb_column][\/et_pb_row][\/et_pb_section]<\/p>\n","protected":false},"excerpt":{"rendered":"<p>Conform\u00e9ment aux dispositions des Articles 6-III et 19 de la Loi n\u00b02004-575 du 21 juin 2004 pour la Confiance dans l\u2019\u00e9conomie num\u00e9rique, dite L.C.E.N., il est port\u00e9 \u00e0 la connaissance des Utilisateurs du site\u00a0Marbrerie Anger\u00a0les pr\u00e9sentes mentions l\u00e9gales. La connexion et la navigation sur le site (indiquer le nom du site) par l\u2019Utilisateur implique acceptation [&hellip;]<\/p>\n","protected":false},"author":1,"featured_media":0,"parent":0,"menu_order":0,"comment_status":"closed","ping_status":"closed","template":"","meta":{"_et_pb_use_builder":"on","_et_pb_old_content":"<!-- wp:divi\/placeholder \/-->","_et_gb_content_width":""},"_links":{"self":[{"href":"https:\/\/pompesfunebresanger.fr\/index.php?rest_route=\/wp\/v2\/pages\/27"}],"collection":[{"href":"https:\/\/pompesfunebresanger.fr\/index.php?rest_route=\/wp\/v2\/pages"}],"about":[{"href":"https:\/\/pompesfunebresanger.fr\/index.php?rest_route=\/wp\/v2\/types\/page"}],"author":[{"embeddable":true,"href":"https:\/\/pompesfunebresanger.fr\/index.php?rest_route=\/wp\/v2\/users\/1"}],"replies":[{"embeddable":true,"href":"https:\/\/pompesfunebresanger.fr\/index.php?rest_route=%2Fwp%2Fv2%2Fcomments&post=27"}],"version-history":[{"count":3,"href":"https:\/\/pompesfunebresanger.fr\/index.php?rest_route=\/wp\/v2\/pages\/27\/revisions"}],"predecessor-version":[{"id":155,"href":"https:\/\/pompesfunebresanger.fr\/index.php?rest_route=\/wp\/v2\/pages\/27\/revisions\/155"}],"wp:attachment":[{"href":"https:\/\/pompesfunebresanger.fr\/index.php?rest_route=%2Fwp%2Fv2%2Fmedia&parent=27"}],"curies":[{"name":"wp","href":"https:\/\/api.w.org\/{rel}","templated":true}]}}